{"id":8,"date":"2025-11-25T09:22:39","date_gmt":"2025-11-25T12:22:39","guid":{"rendered":"https:\/\/dev.indexvirtual.com\/mlarempreendimentos\/sp\/?page_id=8"},"modified":"2026-02-09T15:45:07","modified_gmt":"2026-02-09T18:45:07","slug":"home","status":"publish","type":"page","link":"https:\/\/www.mlarempreendimentos.com.br\/sp\/","title":{"rendered":"Home"},"content":{"rendered":"<p>Felicidade \u00e9 chamar sua casa de meu lar. A M.Lar \u00e9 mais nova marca do Grupo Marquise, especializada em empreendimentos econ\u00f4micos e compactos<\/p>\n","protected":false},"excerpt":{"rendered":"<p>Felicidade \u00e9 chamar sua casa de meu lar. A M.Lar \u00e9 mais nova marca do Grupo Marquise, especializada em empreendimentos econ\u00f4micos e compactos<\/p>\n","protected":false},"author":1,"featured_media":0,"parent":0,"menu_order":0,"comment_status":"closed","ping_status":"closed","template":"index.php","meta":{"footnotes":""},"class_list":["post-8","page","type-page","status-publish","hentry"],"yoast_head":"<!-- This site is optimized with the Yoast SEO plugin v26.5 - https:\/\/yoast.com\/wordpress\/plugins\/seo\/ -->\n<title>M.Lar Empreendimentos S\u00e3o Paulo<\/title>\n<meta name=\"description\" content=\"Felicidade \u00e9 chamar sua casa de meu lar. A M.Lar \u00e9 mais nova marca do Grupo Marquise, especializada em empreendimentos econ\u00f4micos e compactos\" \/>\n<meta name=\"robots\" content=\"index, follow, max-snippet:-1, max-image-preview:large, max-video-preview:-1\" \/>\n<link rel=\"canonical\" href=\"https:\/\/www.mlarempreendimentos.com.br\/sp\/\" \/>\n<meta property=\"og:locale\" content=\"pt_BR\" \/>\n<meta property=\"og:type\" content=\"article\" \/>\n<meta property=\"og:title\" content=\"M.Lar Empreendimentos S\u00e3o Paulo\" \/>\n<meta property=\"og:description\" content=\"Felicidade \u00e9 chamar sua casa de meu lar. A M.Lar \u00e9 mais nova marca do Grupo Marquise, especializada em empreendimentos econ\u00f4micos e compactos\" \/>\n<meta property=\"og:url\" content=\"https:\/\/www.mlarempreendimentos.com.br\/sp\/\" \/>\n<meta property=\"og:site_name\" content=\"MLAR S\u00e3o Paulo\" \/>\n<meta property=\"article:modified_time\" content=\"2026-02-09T18:45:07+00:00\" \/>\n<meta name=\"twitter:card\" content=\"summary_large_image\" \/>\n<meta name=\"twitter:label1\" content=\"Est. tempo de leitura\" \/>\n\t<meta name=\"twitter:data1\" content=\"1 minuto\" \/>\n<script type=\"application\/ld+json\" class=\"yoast-schema-graph\">{\"@context\":\"https:\/\/schema.org\",\"@graph\":[{\"@type\":\"WebPage\",\"@id\":\"https:\/\/www.mlarempreendimentos.com.br\/sp\/\",\"url\":\"https:\/\/www.mlarempreendimentos.com.br\/sp\/\",\"name\":\"M.Lar Empreendimentos S\u00e3o Paulo\",\"isPartOf\":{\"@id\":\"https:\/\/www.mlarempreendimentos.com.br\/sp\/#website\"},\"datePublished\":\"2025-11-25T12:22:39+00:00\",\"dateModified\":\"2026-02-09T18:45:07+00:00\",\"description\":\"Felicidade \u00e9 chamar sua casa de meu lar. A M.Lar \u00e9 mais nova marca do Grupo Marquise, especializada em empreendimentos econ\u00f4micos e compactos\",\"breadcrumb\":{\"@id\":\"https:\/\/www.mlarempreendimentos.com.br\/sp\/#breadcrumb\"},\"inLanguage\":\"pt-BR\",\"potentialAction\":[{\"@type\":\"ReadAction\",\"target\":[\"https:\/\/www.mlarempreendimentos.com.br\/sp\/\"]}]},{\"@type\":\"BreadcrumbList\",\"@id\":\"https:\/\/www.mlarempreendimentos.com.br\/sp\/#breadcrumb\",\"itemListElement\":[{\"@type\":\"ListItem\",\"position\":1,\"name\":\"In\u00edcio\",\"item\":\"https:\/\/www.mlarempreendimentos.com.br\/sp\/\"},{\"@type\":\"ListItem\",\"position\":2,\"name\":\"Home\"}]},{\"@type\":\"WebSite\",\"@id\":\"https:\/\/www.mlarempreendimentos.com.br\/sp\/#website\",\"url\":\"https:\/\/www.mlarempreendimentos.com.br\/sp\/\",\"name\":\"MLAR Empreendimentos S\u00e3o Paulo\",\"description\":\"\",\"publisher\":{\"@id\":\"https:\/\/www.mlarempreendimentos.com.br\/sp\/#organization\"},\"potentialAction\":[{\"@type\":\"SearchAction\",\"target\":{\"@type\":\"EntryPoint\",\"urlTemplate\":\"https:\/\/www.mlarempreendimentos.com.br\/sp\/?s={search_term_string}\"},\"query-input\":{\"@type\":\"PropertyValueSpecification\",\"valueRequired\":true,\"valueName\":\"search_term_string\"}}],\"inLanguage\":\"pt-BR\"},{\"@type\":\"Organization\",\"@id\":\"https:\/\/www.mlarempreendimentos.com.br\/sp\/#organization\",\"name\":\"MLAR Empreendimentos\",\"url\":\"https:\/\/www.mlarempreendimentos.com.br\/sp\/\",\"logo\":{\"@type\":\"ImageObject\",\"inLanguage\":\"pt-BR\",\"@id\":\"https:\/\/www.mlarempreendimentos.com.br\/sp\/#\/schema\/logo\/image\/\",\"url\":\"https:\/\/www.mlarempreendimentos.com.br\/sp\/wp-content\/uploads\/sites\/2\/2026\/01\/mlar.jpg\",\"contentUrl\":\"https:\/\/www.mlarempreendimentos.com.br\/sp\/wp-content\/uploads\/sites\/2\/2026\/01\/mlar.jpg\",\"width\":1200,\"height\":630,\"caption\":\"MLAR Empreendimentos\"},\"image\":{\"@id\":\"https:\/\/www.mlarempreendimentos.com.br\/sp\/#\/schema\/logo\/image\/\"}}]}<\/script>\n<!-- \/ Yoast SEO plugin. -->","yoast_head_json":{"title":"M.Lar Empreendimentos S\u00e3o Paulo","description":"Felicidade \u00e9 chamar sua casa de meu lar. A M.Lar \u00e9 mais nova marca do Grupo Marquise, especializada em empreendimentos econ\u00f4micos e compactos","robots":{"index":"index","follow":"follow","max-snippet":"max-snippet:-1","max-image-preview":"max-image-preview:large","max-video-preview":"max-video-preview:-1"},"canonical":"https:\/\/www.mlarempreendimentos.com.br\/sp\/","og_locale":"pt_BR","og_type":"article","og_title":"M.Lar Empreendimentos S\u00e3o Paulo","og_description":"Felicidade \u00e9 chamar sua casa de meu lar. A M.Lar \u00e9 mais nova marca do Grupo Marquise, especializada em empreendimentos econ\u00f4micos e compactos","og_url":"https:\/\/www.mlarempreendimentos.com.br\/sp\/","og_site_name":"MLAR S\u00e3o Paulo","article_modified_time":"2026-02-09T18:45:07+00:00","twitter_card":"summary_large_image","twitter_misc":{"Est. tempo de leitura":"1 minuto"},"schema":{"@context":"https:\/\/schema.org","@graph":[{"@type":"WebPage","@id":"https:\/\/www.mlarempreendimentos.com.br\/sp\/","url":"https:\/\/www.mlarempreendimentos.com.br\/sp\/","name":"M.Lar Empreendimentos S\u00e3o Paulo","isPartOf":{"@id":"https:\/\/www.mlarempreendimentos.com.br\/sp\/#website"},"datePublished":"2025-11-25T12:22:39+00:00","dateModified":"2026-02-09T18:45:07+00:00","description":"Felicidade \u00e9 chamar sua casa de meu lar. A M.Lar \u00e9 mais nova marca do Grupo Marquise, especializada em empreendimentos econ\u00f4micos e compactos","breadcrumb":{"@id":"https:\/\/www.mlarempreendimentos.com.br\/sp\/#breadcrumb"},"inLanguage":"pt-BR","potentialAction":[{"@type":"ReadAction","target":["https:\/\/www.mlarempreendimentos.com.br\/sp\/"]}]},{"@type":"BreadcrumbList","@id":"https:\/\/www.mlarempreendimentos.com.br\/sp\/#breadcrumb","itemListElement":[{"@type":"ListItem","position":1,"name":"In\u00edcio","item":"https:\/\/www.mlarempreendimentos.com.br\/sp\/"},{"@type":"ListItem","position":2,"name":"Home"}]},{"@type":"WebSite","@id":"https:\/\/www.mlarempreendimentos.com.br\/sp\/#website","url":"https:\/\/www.mlarempreendimentos.com.br\/sp\/","name":"MLAR Empreendimentos S\u00e3o Paulo","description":"","publisher":{"@id":"https:\/\/www.mlarempreendimentos.com.br\/sp\/#organization"},"potentialAction":[{"@type":"SearchAction","target":{"@type":"EntryPoint","urlTemplate":"https:\/\/www.mlarempreendimentos.com.br\/sp\/?s={search_term_string}"},"query-input":{"@type":"PropertyValueSpecification","valueRequired":true,"valueName":"search_term_string"}}],"inLanguage":"pt-BR"},{"@type":"Organization","@id":"https:\/\/www.mlarempreendimentos.com.br\/sp\/#organization","name":"MLAR Empreendimentos","url":"https:\/\/www.mlarempreendimentos.com.br\/sp\/","logo":{"@type":"ImageObject","inLanguage":"pt-BR","@id":"https:\/\/www.mlarempreendimentos.com.br\/sp\/#\/schema\/logo\/image\/","url":"https:\/\/www.mlarempreendimentos.com.br\/sp\/wp-content\/uploads\/sites\/2\/2026\/01\/mlar.jpg","contentUrl":"https:\/\/www.mlarempreendimentos.com.br\/sp\/wp-content\/uploads\/sites\/2\/2026\/01\/mlar.jpg","width":1200,"height":630,"caption":"MLAR Empreendimentos"},"image":{"@id":"https:\/\/www.mlarempreendimentos.com.br\/sp\/#\/schema\/logo\/image\/"}}]}},"acf":[],"_links":{"self":[{"href":"https:\/\/www.mlarempreendimentos.com.br\/sp\/wp-json\/wp\/v2\/pages\/8","targetHints":{"allow":["GET"]}}],"collection":[{"href":"https:\/\/www.mlarempreendimentos.com.br\/sp\/wp-json\/wp\/v2\/pages"}],"about":[{"href":"https:\/\/www.mlarempreendimentos.com.br\/sp\/wp-json\/wp\/v2\/types\/page"}],"author":[{"embeddable":true,"href":"https:\/\/www.mlarempreendimentos.com.br\/sp\/wp-json\/wp\/v2\/users\/1"}],"replies":[{"embeddable":true,"href":"https:\/\/www.mlarempreendimentos.com.br\/sp\/wp-json\/wp\/v2\/comments?post=8"}],"version-history":[{"count":23,"href":"https:\/\/www.mlarempreendimentos.com.br\/sp\/wp-json\/wp\/v2\/pages\/8\/revisions"}],"predecessor-version":[{"id":838,"href":"https:\/\/www.mlarempreendimentos.com.br\/sp\/wp-json\/wp\/v2\/pages\/8\/revisions\/838"}],"wp:attachment":[{"href":"https:\/\/www.mlarempreendimentos.com.br\/sp\/wp-json\/wp\/v2\/media?parent=8"}],"curies":[{"name":"wp","href":"https:\/\/api.w.org\/{rel}","templated":true}]}}