{"id":332,"date":"2025-11-11T10:55:47","date_gmt":"2025-11-11T13:55:47","guid":{"rendered":"https:\/\/dev.indexvirtual.com\/mlarempreendimentos\/?page_id=76"},"modified":"2026-02-12T12:11:29","modified_gmt":"2026-02-12T15:11:29","slug":"institucional","status":"publish","type":"page","link":"https:\/\/www.mlarempreendimentos.com.br\/sp\/institucional\/","title":{"rendered":"Institucional"},"content":{"rendered":"<p>Chegamos para tornar real o lar que voc\u00ea sempre sonhou.<br \/>\nCom M de Morar bem, como a vida deve ser.<br \/>\nM de moderna, para continuar evoluindo com voc\u00ea.<br \/>\nM de muitas maneiras para ser feliz.<br \/>\nM de Marquise. Queremos fazer parte da sua maior realiza\u00e7\u00e3o.<br \/>\nNosso empreendimento \u00e9 pensado para conectar tradi\u00e7\u00f5es, experi\u00eancias e pessoas. Tudo isso em um lugar que te encante diariamente.<\/p>\n","protected":false},"excerpt":{"rendered":"<p>Chegamos para tornar real o lar que voc\u00ea sempre sonhou. Com M de Morar bem, como a vida deve ser. M de moderna, para continuar evoluindo com voc\u00ea. M de muitas maneiras para ser feliz. M de Marquise. Queremos fazer parte da sua maior realiza\u00e7\u00e3o. Nosso empreendimento \u00e9 pensado para conectar tradi\u00e7\u00f5es, experi\u00eancias e pessoas. [&hellip;]<\/p>\n","protected":false},"author":1,"featured_media":0,"parent":0,"menu_order":0,"comment_status":"closed","ping_status":"closed","template":"page-about.php","meta":{"footnotes":""},"class_list":["post-332","page","type-page","status-publish","hentry"],"yoast_head":"<!-- This site is optimized with the Yoast SEO plugin v26.5 - https:\/\/yoast.com\/wordpress\/plugins\/seo\/ -->\n<title>Institucional - MLAR S\u00e3o Paulo<\/title>\n<meta name=\"robots\" content=\"index, follow, max-snippet:-1, max-image-preview:large, max-video-preview:-1\" \/>\n<link rel=\"canonical\" href=\"https:\/\/www.mlarempreendimentos.com.br\/sp\/institucional\/\" \/>\n<meta property=\"og:locale\" content=\"pt_BR\" \/>\n<meta property=\"og:type\" content=\"article\" \/>\n<meta property=\"og:title\" content=\"Institucional - MLAR S\u00e3o Paulo\" \/>\n<meta property=\"og:description\" content=\"Chegamos para tornar real o lar que voc\u00ea sempre sonhou. Com M de Morar bem, como a vida deve ser. M de moderna, para continuar evoluindo com voc\u00ea. M de muitas maneiras para ser feliz. M de Marquise. Queremos fazer parte da sua maior realiza\u00e7\u00e3o. Nosso empreendimento \u00e9 pensado para conectar tradi\u00e7\u00f5es, experi\u00eancias e pessoas. [&hellip;]\" \/>\n<meta property=\"og:url\" content=\"https:\/\/www.mlarempreendimentos.com.br\/sp\/institucional\/\" \/>\n<meta property=\"og:site_name\" content=\"MLAR S\u00e3o Paulo\" \/>\n<meta property=\"article:modified_time\" content=\"2026-02-12T15:11:29+00:00\" \/>\n<meta name=\"twitter:card\" content=\"summary_large_image\" \/>\n<meta name=\"twitter:label1\" content=\"Est. tempo de leitura\" \/>\n\t<meta name=\"twitter:data1\" content=\"1 minuto\" \/>\n<script type=\"application\/ld+json\" class=\"yoast-schema-graph\">{\"@context\":\"https:\/\/schema.org\",\"@graph\":[{\"@type\":\"WebPage\",\"@id\":\"https:\/\/www.mlarempreendimentos.com.br\/sp\/institucional\/\",\"url\":\"https:\/\/www.mlarempreendimentos.com.br\/sp\/institucional\/\",\"name\":\"Institucional - MLAR S\u00e3o Paulo\",\"isPartOf\":{\"@id\":\"https:\/\/www.mlarempreendimentos.com.br\/sp\/#website\"},\"datePublished\":\"2025-11-11T13:55:47+00:00\",\"dateModified\":\"2026-02-12T15:11:29+00:00\",\"breadcrumb\":{\"@id\":\"https:\/\/www.mlarempreendimentos.com.br\/sp\/institucional\/#breadcrumb\"},\"inLanguage\":\"pt-BR\",\"potentialAction\":[{\"@type\":\"ReadAction\",\"target\":[\"https:\/\/www.mlarempreendimentos.com.br\/sp\/institucional\/\"]}]},{\"@type\":\"BreadcrumbList\",\"@id\":\"https:\/\/www.mlarempreendimentos.com.br\/sp\/institucional\/#breadcrumb\",\"itemListElement\":[{\"@type\":\"ListItem\",\"position\":1,\"name\":\"In\u00edcio\",\"item\":\"https:\/\/www.mlarempreendimentos.com.br\/sp\/\"},{\"@type\":\"ListItem\",\"position\":2,\"name\":\"Institucional\"}]},{\"@type\":\"WebSite\",\"@id\":\"https:\/\/www.mlarempreendimentos.com.br\/sp\/#website\",\"url\":\"https:\/\/www.mlarempreendimentos.com.br\/sp\/\",\"name\":\"MLAR Empreendimentos S\u00e3o Paulo\",\"description\":\"\",\"publisher\":{\"@id\":\"https:\/\/www.mlarempreendimentos.com.br\/sp\/#organization\"},\"potentialAction\":[{\"@type\":\"SearchAction\",\"target\":{\"@type\":\"EntryPoint\",\"urlTemplate\":\"https:\/\/www.mlarempreendimentos.com.br\/sp\/?s={search_term_string}\"},\"query-input\":{\"@type\":\"PropertyValueSpecification\",\"valueRequired\":true,\"valueName\":\"search_term_string\"}}],\"inLanguage\":\"pt-BR\"},{\"@type\":\"Organization\",\"@id\":\"https:\/\/www.mlarempreendimentos.com.br\/sp\/#organization\",\"name\":\"MLAR Empreendimentos\",\"url\":\"https:\/\/www.mlarempreendimentos.com.br\/sp\/\",\"logo\":{\"@type\":\"ImageObject\",\"inLanguage\":\"pt-BR\",\"@id\":\"https:\/\/www.mlarempreendimentos.com.br\/sp\/#\/schema\/logo\/image\/\",\"url\":\"https:\/\/www.mlarempreendimentos.com.br\/sp\/wp-content\/uploads\/sites\/2\/2026\/01\/mlar.jpg\",\"contentUrl\":\"https:\/\/www.mlarempreendimentos.com.br\/sp\/wp-content\/uploads\/sites\/2\/2026\/01\/mlar.jpg\",\"width\":1200,\"height\":630,\"caption\":\"MLAR Empreendimentos\"},\"image\":{\"@id\":\"https:\/\/www.mlarempreendimentos.com.br\/sp\/#\/schema\/logo\/image\/\"}}]}<\/script>\n<!-- \/ Yoast SEO plugin. -->","yoast_head_json":{"title":"Institucional - MLAR S\u00e3o Paulo","robots":{"index":"index","follow":"follow","max-snippet":"max-snippet:-1","max-image-preview":"max-image-preview:large","max-video-preview":"max-video-preview:-1"},"canonical":"https:\/\/www.mlarempreendimentos.com.br\/sp\/institucional\/","og_locale":"pt_BR","og_type":"article","og_title":"Institucional - MLAR S\u00e3o Paulo","og_description":"Chegamos para tornar real o lar que voc\u00ea sempre sonhou. Com M de Morar bem, como a vida deve ser. M de moderna, para continuar evoluindo com voc\u00ea. M de muitas maneiras para ser feliz. M de Marquise. Queremos fazer parte da sua maior realiza\u00e7\u00e3o. Nosso empreendimento \u00e9 pensado para conectar tradi\u00e7\u00f5es, experi\u00eancias e pessoas. [&hellip;]","og_url":"https:\/\/www.mlarempreendimentos.com.br\/sp\/institucional\/","og_site_name":"MLAR S\u00e3o Paulo","article_modified_time":"2026-02-12T15:11:29+00:00","twitter_card":"summary_large_image","twitter_misc":{"Est. tempo de leitura":"1 minuto"},"schema":{"@context":"https:\/\/schema.org","@graph":[{"@type":"WebPage","@id":"https:\/\/www.mlarempreendimentos.com.br\/sp\/institucional\/","url":"https:\/\/www.mlarempreendimentos.com.br\/sp\/institucional\/","name":"Institucional - MLAR S\u00e3o Paulo","isPartOf":{"@id":"https:\/\/www.mlarempreendimentos.com.br\/sp\/#website"},"datePublished":"2025-11-11T13:55:47+00:00","dateModified":"2026-02-12T15:11:29+00:00","breadcrumb":{"@id":"https:\/\/www.mlarempreendimentos.com.br\/sp\/institucional\/#breadcrumb"},"inLanguage":"pt-BR","potentialAction":[{"@type":"ReadAction","target":["https:\/\/www.mlarempreendimentos.com.br\/sp\/institucional\/"]}]},{"@type":"BreadcrumbList","@id":"https:\/\/www.mlarempreendimentos.com.br\/sp\/institucional\/#breadcrumb","itemListElement":[{"@type":"ListItem","position":1,"name":"In\u00edcio","item":"https:\/\/www.mlarempreendimentos.com.br\/sp\/"},{"@type":"ListItem","position":2,"name":"Institucional"}]},{"@type":"WebSite","@id":"https:\/\/www.mlarempreendimentos.com.br\/sp\/#website","url":"https:\/\/www.mlarempreendimentos.com.br\/sp\/","name":"MLAR Empreendimentos S\u00e3o Paulo","description":"","publisher":{"@id":"https:\/\/www.mlarempreendimentos.com.br\/sp\/#organization"},"potentialAction":[{"@type":"SearchAction","target":{"@type":"EntryPoint","urlTemplate":"https:\/\/www.mlarempreendimentos.com.br\/sp\/?s={search_term_string}"},"query-input":{"@type":"PropertyValueSpecification","valueRequired":true,"valueName":"search_term_string"}}],"inLanguage":"pt-BR"},{"@type":"Organization","@id":"https:\/\/www.mlarempreendimentos.com.br\/sp\/#organization","name":"MLAR Empreendimentos","url":"https:\/\/www.mlarempreendimentos.com.br\/sp\/","logo":{"@type":"ImageObject","inLanguage":"pt-BR","@id":"https:\/\/www.mlarempreendimentos.com.br\/sp\/#\/schema\/logo\/image\/","url":"https:\/\/www.mlarempreendimentos.com.br\/sp\/wp-content\/uploads\/sites\/2\/2026\/01\/mlar.jpg","contentUrl":"https:\/\/www.mlarempreendimentos.com.br\/sp\/wp-content\/uploads\/sites\/2\/2026\/01\/mlar.jpg","width":1200,"height":630,"caption":"MLAR Empreendimentos"},"image":{"@id":"https:\/\/www.mlarempreendimentos.com.br\/sp\/#\/schema\/logo\/image\/"}}]}},"acf":[],"_links":{"self":[{"href":"https:\/\/www.mlarempreendimentos.com.br\/sp\/wp-json\/wp\/v2\/pages\/332","targetHints":{"allow":["GET"]}}],"collection":[{"href":"https:\/\/www.mlarempreendimentos.com.br\/sp\/wp-json\/wp\/v2\/pages"}],"about":[{"href":"https:\/\/www.mlarempreendimentos.com.br\/sp\/wp-json\/wp\/v2\/types\/page"}],"author":[{"embeddable":true,"href":"https:\/\/www.mlarempreendimentos.com.br\/sp\/wp-json\/wp\/v2\/users\/1"}],"replies":[{"embeddable":true,"href":"https:\/\/www.mlarempreendimentos.com.br\/sp\/wp-json\/wp\/v2\/comments?post=332"}],"version-history":[{"count":4,"href":"https:\/\/www.mlarempreendimentos.com.br\/sp\/wp-json\/wp\/v2\/pages\/332\/revisions"}],"predecessor-version":[{"id":840,"href":"https:\/\/www.mlarempreendimentos.com.br\/sp\/wp-json\/wp\/v2\/pages\/332\/revisions\/840"}],"wp:attachment":[{"href":"https:\/\/www.mlarempreendimentos.com.br\/sp\/wp-json\/wp\/v2\/media?parent=332"}],"curies":[{"name":"wp","href":"https:\/\/api.w.org\/{rel}","templated":true}]}}